{"id":345,"date":"2019-11-18T14:49:35","date_gmt":"2019-11-18T13:49:35","guid":{"rendered":"https:\/\/www.arthotelwilliam.sk\/?page_id=345"},"modified":"2026-04-21T13:55:06","modified_gmt":"2026-04-21T11:55:06","slug":"reklamacny-poriadok","status":"publish","type":"page","link":"https:\/\/www.arthotelwilliam.sk\/en\/complaints-procedure\/","title":{"rendered":"Complaints Procedure"},"content":{"rendered":"<div data-elementor-type=\"wp-page\" data-elementor-id=\"345\" class=\"elementor elementor-345\">\n\t\t\t\t\t\t<section class=\"elementor-section elementor-top-section elementor-element elementor-element-56e4c41e elementor-section-boxed elementor-section-height-default elementor-section-height-default\" data-id=\"56e4c41e\" data-element_type=\"section\">\n\t\t\t\t\t\t<div class=\"elementor-container elementor-column-gap-default\">\n\t\t\t\t\t<div class=\"elementor-column elementor-col-100 elementor-top-column elementor-element elementor-element-73495039\" data-id=\"73495039\" data-element_type=\"column\">\n\t\t\t<div class=\"elementor-widget-wrap elementor-element-populated\">\n\t\t\t\t\t\t<div class=\"elementor-element elementor-element-3190926d elementor-widget elementor-widget-text-editor\" data-id=\"3190926d\" data-element_type=\"widget\" data-widget_type=\"text-editor.default\">\n\t\t\t\t<div class=\"elementor-widget-container\">\n\t\t\t\t\t\t\t\t\t<p class=\"translation-block\"><strong>1. Basic provisions<\/strong><br><strong>1.1.<\/strong> This Complaints policy specifies the procedure of filing complaints by hotel clients \u2013 \nnatural persons, i.e. consumers (hereinafter referred to as \u201cClients\u201d) in accordance with \u00a7 2 item a) Act No. 250\/2007 Coll. on Consumer Protection and amendments to Act of the Slovak National Council No. 372\/1990 Coll. on Offences as subsequently amended (hereinafter referred to as \u201cConsumer Protection Act\u201d) and \u00a7 52 Sec. 4 Act No. 40\/1964 Coll. Civil Code as subsequently amended (hereinafter referred to as \u201cCivil Code\u201d) regarding services provided by the Devel Passage ltd., company, with the registered office at Dvo\u0159\u00e1kovo n\u00e1bre\u017eie 8, 811 02 Bratislava - mestsk\u00e1 \u010das\u0165 Star\u00e9 Mesto, Company number: 43 853 765, registered in the Commercial register of City Court Bratislava III , Section: Ltd, Insertion No.: 49249\/L (hereinafter referred to as \u201cProvider\u201d), i.e. accommodation and other related services (collectively hereinafter referred to as \u201cServices\u201d) at the Art Hotel William****, Laurinsk\u00e1 17, 811 01 Bratislava (hereinafter referred to as \u201chotel\u201d). This Complaints policy applies to complaints related to products offered to Clients by the Provider at the Hotel as well.<\/p><p class=\"translation-block\"><strong>1.2.<\/strong> Complaints of Clients \u2013 legal entities and natural persons \u2013 entrepreneurs who are not considered to be users shall be governed by Act No. 513\/1991 Coll. Commercial Code as subsequently amended (hereinafter referred to as \u201cCommercial Code\u201d).<\/p><p class=\"translation-block\"><strong>1.3<\/strong>. This Complaints policy applies to complaints related to accommodation, catering and related services offered by the Provider at the Hotel from the moment the respective Client checks in until they check out. This Complaints policy applies to additional products sold at the Hotel as well.<\/p><p class=\"translation-block\"><strong>1.4.<\/strong> In accordance with \u00a7 18 Art. 1 Consumer Protection Act, the Provider shall inform the Client via this Complaints Policy about the terms and procedure of executing the rights related to liability for defects (hereinafter referred to as \u201ccomplaint(s)\u201d) and where to file the complaint(s).<\/p><p class=\"translation-block\"><strong>1.5.<\/strong> Services are provided in accordance with the Civil Code, the Consumer Protection Act and other generally binding legal regulations.<\/p><p class=\"translation-block\"><strong>1.6.<\/strong> Every Client is entitled to be provided accommodation, catering and other related services in the agreed or regular scope, quality, amount and date and\/or products of ordinary quality.<\/p><p><strong>1.7.<\/strong> Exercising responsibility for defects on provided services or products sold by the Provider to Clients at the Hotel is considered a complaint.<\/p><p class=\"translation-block\"><strong>2. Liability for defects <\/strong><br><strong>2.1<\/strong> The Provider is liable for all defects related to Services offered to Clients or to products at the time they are sold to Clients.<\/p><p class=\"translation-block\"><strong>2.2<\/strong> As far as used products are concerned, the Provider is not liable for defects that might be the result of regular use or wear and tear. As far as products offered by the Provider at a reduced price are concerned, the Provider is not liable for defects that were the reason for the price reduction. In the case of products that do not easily go bad or that have not been used before, the Provider is liable for defects that might be discovered during the warranty period (after the products are accepted by Clients).<\/p><p class=\"translation-block\"><strong>2.3<\/strong> Regulations related to the warranty period are governed by \u00a7 620 and 621 Civil Code as far as the Client, i.e. user is concerned, otherwise they are governed by the Commercial Code.<\/p><p class=\"translation-block\"><strong>2.4<\/strong> Any changes on products that occur during the warranty period as a result of regular tear and wear, improper use or unauthorised or improper manipulation with the products shall not be regarded as defects.<\/p><p><strong>2.5<\/strong> Every Client is obliged to check and examine every product and\/or service they are provided from the very first moment.<\/p><p class=\"translation-block\"><strong>2.6<\/strong> Visible defects are defects that can be discovered when the products and\/or services are provided (e.g. quantity variance, deterioration of products, low quality of service(s)). Every Client is obliged to inform the Provider about the discovered defects immediately.<\/p><p class=\"translation-block\"><strong>2.7<\/strong> The Provider is not responsible for defects that the Client knew about when concluding the respective agreement with the Provider or that the Client must have known about considering the circumstances of the agreement when concluding it. This does not apply to qualities and properties that the respective products and\/or services were supposed to have based on the agreement. The Provider is not responsible for defects caused by the Client or defects that the Client knew about or must have known about before the respective product and\/or service has been provided or defects that the Client has been explicitly informed about before accepting the product\/service; or defects caused as a result of force majeure.<\/p><p class=\"translation-block\"><strong>3. Client\u00b4s right to <\/strong> <strong>to complain <\/strong><br><strong>3.1<\/strong> If services provided to Clients at the Hotel are of lower quality or lower scope than arranged before or provided usually, Clients are entitled to make a complaint. Any Client can exercise their right to complaint and have the respective service\/product removed, completed, replaced or be provided a new product\/service, or be offered an adequate discount of the price they have paid.<\/p><p class=\"translation-block\"><strong>3.2<\/strong> If any Client discovers a reason for filing a complaint (defect on services\/products), they are obliged to exercise their right to make a complaint without undue delay \u2013 in the case of services no later than until they check out from the accommodation establishment, in the case of products until the end of the respective warranty period. Otherwise the right to complaint shall expire. Complaints made after the warranty period shall not be accepted by the Provider.<\/p><p class=\"translation-block\"><strong>3.3<\/strong> Clients are obliged to make a complaint related to services and\/or products at a respective member of Provider\u00b4s staff in accordance with item 4.6 of this Complaints Policy. Clients are obliged to complaint about product defects that occur during the warranty period (latent defects) personally at the respective member of Provider\u00b4s staff in accordance with item 4.6 of this Complaints Policy or in writing \u2013 in the form of a letter sent to Provider\u00b4s address or electronically in the form of an email sent to: reception@arthotelwilliam.sk.  If making a complaint in writing or electronically, Clients are obliged to send the product they are complaining about to the address specified by the Provider for the purpose of complaining.<\/p><p class=\"translation-block\"><br><strong>3.4<\/strong> The Provider is obliged to accept any complaint filed at the Hotel via any staff member.<\/p><p class=\"translation-block\"><strong>4. How and when to file a complaint; rights and duties of Clients when filing a complaint; cooperation of Clients <\/strong><br><strong>4.1<\/strong> If any Client discovers a reason for filing a complaint, they are obliged to do so at an authorised member of Provider\u00b4s staff without undue delay.<\/p><p class=\"translation-block\"><br><strong>4.2<\/strong> When filing a complaint, every Client is obliged to show a document to prove they have purchased the respective service and\/or product (order, invoice, receipt, agreement, etc.).<\/p><p class=\"translation-block\"><br><strong>4.3<\/strong> When filing a complaint, Clients should also show the respective product the complaint is related to if that is possible.<\/p><p class=\"translation-block\"><br><strong>4.4<\/strong> Every complaint of Clients shall be recorded by an authorised staff member in the form of a complaints protocol including specifying objective circumstances of the complaint and related defects. The Client shall receive a written confirmation about the filed complaint. The Provider is obliged to examine every complaint properly and deal with the complaint immediately or within 3 (three) days if the case is more complicated. If this is not possible, the Provider shall inform the respective Client about the complaint handling period, which cannot exceed 30 days. For the purpose of the complaint procedure, every Client is obliged to provide their contact data that shall be used for informing the respective Client about further steps in case their complaint cannot be handled at the Hotel immediately once filed.<\/p><p class=\"translation-block\"><br><strong>4.5<\/strong> Every Client is obliged to cooperate as much as required when their complaint is being handled and to offer information regarding the products and\/or services they complaint about. If possible, the Client shall allow an authorised member of Provider\u00b4s staff to enter the room that the Client has been using in the Hotel so that the respective staff member can see if the complaint is legitimate.<\/p><p><strong>4.6<\/strong> Please refer your complaints accordingly to the following emails:<br \/>sales@arthotelwilliam.sk and\u00a0director@arthotelwilliam.sk<\/p><p><strong>5. Handling complaints<\/strong><br \/><strong>5.1<\/strong> Rectifiable defects - If any defect can be rectified, every Client is entitled to ask the Provider to have the respective defect rectified free of charge, in time and properly.<\/p><p class=\"translation-block\"><strong>5.1.1<\/strong> In the field of accommodation services, Clients are entitled to have defects \nrectified free of charge, in time and properly, i.e. to have accommodation replaced or amenities completed in accordance with Decree of the Ministry of Economy of the Slovak Republic No. 277\/2008 Coll., which specifies qualification attributes of accommodation establishments for the purpose of categorising.<\/p><p class=\"translation-block\"><strong>5.1.2<\/strong> If any product defect is rectifiable, every Client is entitled to have it rectified free \nof charge, properly and as soon as possible. Clients can ask to have their products replaced instead of having them rectified, or to have a part of the product replaced if the defect is related to a part of the product only \u2013 however, this applies only if such procedure does not incur disproportionate costs for the Provider considering the product price or defect severity. The Provider is entitled to replace defected products with faultless ones if such procedure does not incur disproportionate costs.<\/p><p class=\"translation-block\"><br><strong>5.2<\/strong> Non-rectifiable defects <br><strong>5.2.1<\/strong> In the field of accommodation services, if technical defects cannot be rectified (heating\n system malfunction, low hot water outflow etc.) and the Provider cannot offer alternative accommodation to the respective Client or accommodation in another hotel room of the same category and the Client has to stay in the defective Hotel room, the Client is entitled to get an adequate discount on accommodation. Otherwise the Client is entitled to withdraw from their accommodation agreement before spending the first night at the Hotel and to be returned the price of accommodation services. If the Provider decides to change the accommodation of the Client so that this is much different from the accommodation the Client has booked and got confirmed and if the Client does not agree with alternative accommodation, they are entitled to withdraw from the accommodation agreement before spending the first night at the Hotel and to be returned the price of accommodation services they have paid. \n<br><strong>5.2.2<\/strong> If any defect cannot be rectified and the defect prevents the respective Client from using \nthe product properly, the Client is entitled to have the product replaced or to withdraw from their agreement. The same applies to rectifiable defects that occur repeatedly after being rectified or to a higher number of defects that prevent the respective Client from using the product properly. In the case of other non-rectifiable defects, Clients are entitled to get an adequate discount.<\/p><p><strong>5.3<\/strong> Every Client is entitled to be financially compensated for inevitable costs that incurred by filing a complaint.<\/p><p><strong>5.4<\/strong> The Provider reserves the right to examine each complaint case individually.<\/p><p class=\"translation-block\"><strong>6. Personal data protection <\/strong><br><strong>6.1<\/strong> All relevant details related to the protection of personal data are included in the Privacy Policy of Devel Group and published on the website www.arthotelwilliam.sk\/gdpr\/.<\/p><p class=\"translation-block\"><strong>7. Final provisions <\/strong><br><strong>7.1<\/strong> Alternative dispute resolution: If any Client \u2013 natural person, i.e. user who does not perform the line of their business, occupation or profession when concluding and\/or performing their consumer contract is not satisfied with the way how the Provider i.e. the seller has dealt with their complaint or thinks that the Provider has violated their rights, they are entitled to ask the Provider i.e. the seller to have the respective problem rectified. If the Provider rejects the request or does not respond to it within 30 days from the day it has been sent by the respective Client, once asked by the Client as mentioned above, the Client is entitled to ask for an alternative dispute resolution in accordance with \u00a7 12 Act No. 391\/2015 Coll. on Consumer Alternative Dispute Resolution and on amendments and supplements to other acts. The body authorised to deal with alternative dispute resolutions of the Provider, i.e. the seller shall be a) the Slovak Trade Inspection, which can be contacted for the above mentioned purpose on the following address: \u00dastredn\u00fd in\u0161pektor\u00e1t SOI, Odbor medzin\u00e1rodn\u00fdch vz\u0165ahov a ARS, Prievozsk\u00e1 32, po\u0161tov\u00fd prie\u010dinok (PO Box) 29, 827 99 Bratislava; or electronically on ars@soi.sk or adr@soi.sk; or b) any other authorised legal entity registered on the list of bodies for alternative dispute resolution of the Ministry of Economy of the Slovak Republic (the list of authorised bodies is available on the website: http:\/\/www.mhsr.sk\/zoznam-subjektov-alternativneho-riesenia-spotrebitelskych- sporov\/146987s), Every Client has the right to choose which of the above mentioned bodies for alternative dispute resolution they choose to have their problem dealt with. \n \n\nTo ask for alternative dispute resolution, every Client can use an online platform which is available on: http:\/\/ec.europa.eu\/consumers\/odr\/index_en.htm. For more information about alternative dispute resolution, please visit the website of the Slovak Trade Inspection: http:\/\/www.soi.sk\/sk\/Alternativne-riesenie-spotrebitelskych-sporov.soi.<\/p><p><strong>7.2<\/strong> This Complaints Policy came into force and became effective on 1st of July  2024.<\/p><p class=\"translation-block\"><br><strong>7.3<\/strong> This Complaints Policy is published on the Hotel website www.arthotelwilliam.sk and available at the Hotel reception. By accepting a service and\/or product, every Client confirms to have been acquainted with this Complaints Policy.<\/p><p class=\"translation-block\"><br>In Bratislava on 1st  of July  2024 <br><em>Jaroslav Marcin<\/em><br>Manager<\/p><p>Art Hotel William ****<\/p>\t\t\t\t\t\t\t\t<\/div>\n\t\t\t\t<\/div>\n\t\t\t\t\t<\/div>\n\t\t<\/div>\n\t\t\t\t\t<\/div>\n\t\t<\/section>\n\t\t\t\t<\/div>","protected":false},"excerpt":{"rendered":"<p>1. Z\u00e1kladn\u00e9 ustanovenia1.1. Tento reklama\u010dn\u00fd poriadok upravuje postup pri uplat\u0148ovan\u00ed reklam\u00e1cie slu\u017eieb poskytovan\u00fdch spolo\u010dnos\u0165ou Devel Passage s.r.o., so s\u00eddlom Dvo\u0159\u00e1kovo n\u00e1bre\u017eie 8, 811 02 Bratislava &#8211; mestsk\u00e1 \u010das\u0165 Star\u00e9 Mesto, I\u010cO: 43 853 765, zap\u00edsanou v Obchodnom registri Mestsk\u00e9ho s\u00fadu &hellip; <a href=\"https:\/\/www.arthotelwilliam.sk\/en\/complaints-procedure\/\">Read More<\/a><\/p>","protected":false},"author":6,"featured_media":0,"parent":0,"menu_order":8,"comment_status":"closed","ping_status":"closed","template":"","meta":{"footnotes":""},"class_list":["post-345","page","type-page","status-publish","hentry"],"yoast_head":"<!-- This site is optimized with the Yoast SEO plugin v26.8 - https:\/\/yoast.com\/product\/yoast-seo-wordpress\/ -->\n<title>Reklama\u010dn\u00fd poriadok - Art Hotel William<\/title>\n<meta name=\"robots\" content=\"index, follow, max-snippet:-1, max-image-preview:large, max-video-preview:-1\" \/>\n<link rel=\"canonical\" href=\"https:\/\/www.arthotelwilliam.sk\/en\/reklamacny-poriadok\/\" \/>\n<meta property=\"og:locale\" content=\"en_US\" \/>\n<meta property=\"og:type\" content=\"article\" \/>\n<meta property=\"og:title\" content=\"Reklama\u010dn\u00fd poriadok - Art Hotel William\" \/>\n<meta property=\"og:description\" content=\"1. Z\u00e1kladn\u00e9 ustanovenia1.1. Tento reklama\u010dn\u00fd poriadok upravuje postup pri uplat\u0148ovan\u00ed reklam\u00e1cie slu\u017eieb poskytovan\u00fdch spolo\u010dnos\u0165ou Devel Passage s.r.o., so s\u00eddlom Dvo\u0159\u00e1kovo n\u00e1bre\u017eie 8, 811 02 Bratislava &#8211; mestsk\u00e1 \u010das\u0165 Star\u00e9 Mesto, I\u010cO: 43 853 765, zap\u00edsanou v Obchodnom registri Mestsk\u00e9ho s\u00fadu &hellip; Read More\" \/>\n<meta property=\"og:url\" content=\"https:\/\/www.arthotelwilliam.sk\/en\/reklamacny-poriadok\/\" \/>\n<meta property=\"og:site_name\" content=\"Art Hotel William\" \/>\n<meta property=\"article:modified_time\" content=\"2026-04-21T11:55:06+00:00\" \/>\n<meta name=\"twitter:card\" content=\"summary_large_image\" \/>\n<meta name=\"twitter:label1\" content=\"Est. reading time\" \/>\n\t<meta name=\"twitter:data1\" content=\"10 minutes\" \/>\n<script type=\"application\/ld+json\" class=\"yoast-schema-graph\">{\"@context\":\"https:\/\/schema.org\",\"@graph\":[{\"@type\":\"WebPage\",\"@id\":\"https:\/\/www.arthotelwilliam.sk\/reklamacny-poriadok\/\",\"url\":\"https:\/\/www.arthotelwilliam.sk\/reklamacny-poriadok\/\",\"name\":\"Reklama\u010dn\u00fd poriadok - Art Hotel William\",\"isPartOf\":{\"@id\":\"https:\/\/www.arthotelwilliam.sk\/#website\"},\"datePublished\":\"2019-11-18T13:49:35+00:00\",\"dateModified\":\"2026-04-21T11:55:06+00:00\",\"breadcrumb\":{\"@id\":\"https:\/\/www.arthotelwilliam.sk\/reklamacny-poriadok\/#breadcrumb\"},\"inLanguage\":\"en-US\",\"potentialAction\":[{\"@type\":\"ReadAction\",\"target\":[\"https:\/\/www.arthotelwilliam.sk\/reklamacny-poriadok\/\"]}]},{\"@type\":\"BreadcrumbList\",\"@id\":\"https:\/\/www.arthotelwilliam.sk\/reklamacny-poriadok\/#breadcrumb\",\"itemListElement\":[{\"@type\":\"ListItem\",\"position\":1,\"name\":\"Home\",\"item\":\"https:\/\/www.arthotelwilliam.sk\/\"},{\"@type\":\"ListItem\",\"position\":2,\"name\":\"Reklama\u010dn\u00fd poriadok\"}]},{\"@type\":\"WebSite\",\"@id\":\"https:\/\/www.arthotelwilliam.sk\/#website\",\"url\":\"https:\/\/www.arthotelwilliam.sk\/\",\"name\":\"Art Hotel William\",\"description\":\"Ubytovanie v srdci Bratislavy\",\"potentialAction\":[{\"@type\":\"SearchAction\",\"target\":{\"@type\":\"EntryPoint\",\"urlTemplate\":\"https:\/\/www.arthotelwilliam.sk\/?s={search_term_string}\"},\"query-input\":{\"@type\":\"PropertyValueSpecification\",\"valueRequired\":true,\"valueName\":\"search_term_string\"}}],\"inLanguage\":\"en-US\"}]}<\/script>\n<!-- \/ Yoast SEO plugin. -->","yoast_head_json":{"title":"Reklama\u010dn\u00fd poriadok - Art Hotel William","robots":{"index":"index","follow":"follow","max-snippet":"max-snippet:-1","max-image-preview":"max-image-preview:large","max-video-preview":"max-video-preview:-1"},"canonical":"https:\/\/www.arthotelwilliam.sk\/en\/reklamacny-poriadok\/","og_locale":"en_US","og_type":"article","og_title":"Reklama\u010dn\u00fd poriadok - Art Hotel William","og_description":"1. Z\u00e1kladn\u00e9 ustanovenia1.1. Tento reklama\u010dn\u00fd poriadok upravuje postup pri uplat\u0148ovan\u00ed reklam\u00e1cie slu\u017eieb poskytovan\u00fdch spolo\u010dnos\u0165ou Devel Passage s.r.o., so s\u00eddlom Dvo\u0159\u00e1kovo n\u00e1bre\u017eie 8, 811 02 Bratislava &#8211; mestsk\u00e1 \u010das\u0165 Star\u00e9 Mesto, I\u010cO: 43 853 765, zap\u00edsanou v Obchodnom registri Mestsk\u00e9ho s\u00fadu &hellip; Read More","og_url":"https:\/\/www.arthotelwilliam.sk\/en\/reklamacny-poriadok\/","og_site_name":"Art Hotel William","article_modified_time":"2026-04-21T11:55:06+00:00","twitter_card":"summary_large_image","twitter_misc":{"Est. reading time":"10 minutes"},"schema":{"@context":"https:\/\/schema.org","@graph":[{"@type":"WebPage","@id":"https:\/\/www.arthotelwilliam.sk\/reklamacny-poriadok\/","url":"https:\/\/www.arthotelwilliam.sk\/reklamacny-poriadok\/","name":"Reklama\u010dn\u00fd poriadok - Art Hotel William","isPartOf":{"@id":"https:\/\/www.arthotelwilliam.sk\/#website"},"datePublished":"2019-11-18T13:49:35+00:00","dateModified":"2026-04-21T11:55:06+00:00","breadcrumb":{"@id":"https:\/\/www.arthotelwilliam.sk\/reklamacny-poriadok\/#breadcrumb"},"inLanguage":"en-US","potentialAction":[{"@type":"ReadAction","target":["https:\/\/www.arthotelwilliam.sk\/reklamacny-poriadok\/"]}]},{"@type":"BreadcrumbList","@id":"https:\/\/www.arthotelwilliam.sk\/reklamacny-poriadok\/#breadcrumb","itemListElement":[{"@type":"ListItem","position":1,"name":"Home","item":"https:\/\/www.arthotelwilliam.sk\/"},{"@type":"ListItem","position":2,"name":"Reklama\u010dn\u00fd poriadok"}]},{"@type":"WebSite","@id":"https:\/\/www.arthotelwilliam.sk\/#website","url":"https:\/\/www.arthotelwilliam.sk\/","name":"Art Hotel William","description":"Accommodation in the Heart of Bratislava","potentialAction":[{"@type":"SearchAction","target":{"@type":"EntryPoint","urlTemplate":"https:\/\/www.arthotelwilliam.sk\/?s={search_term_string}"},"query-input":{"@type":"PropertyValueSpecification","valueRequired":true,"valueName":"search_term_string"}}],"inLanguage":"en-US"}]}},"_links":{"self":[{"href":"https:\/\/www.arthotelwilliam.sk\/en\/wp-json\/wp\/v2\/pages\/345","targetHints":{"allow":["GET"]}}],"collection":[{"href":"https:\/\/www.arthotelwilliam.sk\/en\/wp-json\/wp\/v2\/pages"}],"about":[{"href":"https:\/\/www.arthotelwilliam.sk\/en\/wp-json\/wp\/v2\/types\/page"}],"author":[{"embeddable":true,"href":"https:\/\/www.arthotelwilliam.sk\/en\/wp-json\/wp\/v2\/users\/6"}],"replies":[{"embeddable":true,"href":"https:\/\/www.arthotelwilliam.sk\/en\/wp-json\/wp\/v2\/comments?post=345"}],"version-history":[{"count":10,"href":"https:\/\/www.arthotelwilliam.sk\/en\/wp-json\/wp\/v2\/pages\/345\/revisions"}],"predecessor-version":[{"id":2644,"href":"https:\/\/www.arthotelwilliam.sk\/en\/wp-json\/wp\/v2\/pages\/345\/revisions\/2644"}],"wp:attachment":[{"href":"https:\/\/www.arthotelwilliam.sk\/en\/wp-json\/wp\/v2\/media?parent=345"}],"curies":[{"name":"wp","href":"https:\/\/api.w.org\/{rel}","templated":true}]}}